{"id":1900,"date":"2015-08-10T15:31:33","date_gmt":"2015-08-10T13:31:33","guid":{"rendered":"http:\/\/festi-bouille-courdault.com\/WordPress3\/?page_id=1900"},"modified":"2026-03-14T19:51:02","modified_gmt":"2026-03-14T18:51:02","slug":"photos-randonnees-et-barque-2015","status":"publish","type":"page","link":"http:\/\/festi-bouille-courdault.com\/WordPress3\/photos-randonnees-et-barque-2015\/","title":{"rendered":"Nos images randonn\u00e9es 2024"},"content":{"rendered":"<div data-colibri-id=\"1900-c1\" class=\"style-323 style-local-1900-c1 position-relative\">\n  <!---->\n  <div data-colibri-component=\"section\" data-colibri-id=\"1900-c2\" id=\"custom\" class=\"h-section h-section-global-spacing d-flex align-items-lg-center align-items-md-center align-items-center style-393 style-local-1900-c2 position-relative\">\n    <!---->\n    <!---->\n    <div class=\"h-section-grid-container h-section-boxed-container\">\n      <!---->\n      <div data-colibri-id=\"1900-c3\" class=\"h-row-container gutters-row-lg-2 gutters-row-md-2 gutters-row-0 gutters-row-v-lg-2 gutters-row-v-md-2 gutters-row-v-2 style-394 style-local-1900-c3 position-relative\">\n        <!---->\n        <div class=\"h-row justify-content-lg-center justify-content-md-center justify-content-center align-items-lg-stretch align-items-md-stretch align-items-stretch gutters-col-lg-2 gutters-col-md-2 gutters-col-0 gutters-col-v-lg-2 gutters-col-v-md-2 gutters-col-v-2\">\n          <!---->\n          <div class=\"h-column h-column-container d-flex h-col-lg-auto h-col-md-auto h-col-auto style-395-outer style-local-1900-c4-outer\">\n            <div data-colibri-id=\"1900-c4\" class=\"d-flex h-flex-basis h-column__inner h-px-lg-2 h-px-md-2 h-px-2 v-inner-lg-2 v-inner-md-2 v-inner-2 style-395 style-local-1900-c4 position-relative\">\n              <!---->\n              <!---->\n              <div class=\"w-100 h-y-container h-column__content h-column__v-align flex-basis-100 align-self-lg-start align-self-md-start align-self-start\">\n                <!---->\n                <div data-colibri-id=\"1900-c5\" class=\"d-block style-401 style-local-1900-c5 position-relative h-element\">\n                  <!---->\n                  <div class=\"h-image__frame-container-outer\">\n                    <div class=\"h-image__frame-container\">\n                      <!---->\n                      <!---->\n                      <img decoding=\"async\" loading=\"lazy\" width=\"427\" height=\"427\" src=\"http:\/\/festi-bouille-courdault.com\/WordPress3\/wp-content\/uploads\/2026\/03\/cropped-1.jpg\" class=\"wp-image-4887 style-401-image style-local-1900-c5-image\" srcset=\"http:\/\/festi-bouille-courdault.com\/WordPress3\/wp-content\/uploads\/2026\/03\/cropped-1.jpg 427w, http:\/\/festi-bouille-courdault.com\/WordPress3\/wp-content\/uploads\/2026\/03\/cropped-1-300x300.jpg 300w, http:\/\/festi-bouille-courdault.com\/WordPress3\/wp-content\/uploads\/2026\/03\/cropped-1-150x150.jpg 150w\" sizes=\"(max-width: 427px) 100vw, 427px\" alt=\"\" \/>\n                      <div class=\"h-image__frame h-hide-lg h-hide-md h-hide-sm style-401-frameImage style-local-1900-c5-frameImage\"><\/div>\n                    <\/div>\n                    <div class=\"style-401-caption style-local-1900-c5-caption\">\n                      Randonn\u00e9e color\u00e9e 5 KM\n                    <\/div>\n                  <\/div>\n                <\/div>\n              <\/div>\n            <\/div>\n          <\/div>\n          <div class=\"h-column h-column-container d-flex h-col-lg-auto h-col-md-auto h-col-auto style-396-outer style-local-1900-c6-outer\">\n            <div data-colibri-id=\"1900-c6\" class=\"d-flex h-flex-basis h-column__inner h-px-lg-2 h-px-md-2 h-px-2 v-inner-lg-2 v-inner-md-2 v-inner-2 style-396 style-local-1900-c6 position-relative\">\n              <!---->\n              <!---->\n              <div class=\"w-100 h-y-container h-column__content h-column__v-align flex-basis-100 align-self-lg-start align-self-md-start align-self-start\">\n                <!---->\n                <div data-colibri-id=\"1900-c7\" class=\"d-block style-399 style-local-1900-c7 position-relative h-element\">\n                  <!---->\n                  <div class=\"h-image__frame-container-outer\">\n                    <div class=\"h-image__frame-container\">\n                      <!---->\n                      <!---->\n                      <img decoding=\"async\" loading=\"lazy\" width=\"448\" height=\"448\" src=\"http:\/\/festi-bouille-courdault.com\/WordPress3\/wp-content\/uploads\/2026\/03\/cropped-randonnee.png\" class=\"wp-image-4890 style-399-image style-local-1900-c7-image\" srcset=\"http:\/\/festi-bouille-courdault.com\/WordPress3\/wp-content\/uploads\/2026\/03\/cropped-randonnee.png 448w, http:\/\/festi-bouille-courdault.com\/WordPress3\/wp-content\/uploads\/2026\/03\/cropped-randonnee-300x300.png 300w, http:\/\/festi-bouille-courdault.com\/WordPress3\/wp-content\/uploads\/2026\/03\/cropped-randonnee-150x150.png 150w\" sizes=\"(max-width: 448px) 100vw, 448px\" alt=\"\" \/>\n                      <div class=\"h-image__frame h-hide-lg h-hide-md h-hide-sm style-399-frameImage style-local-1900-c7-frameImage\"><\/div>\n                    <\/div>\n                    <div class=\"style-399-caption style-local-1900-c7-caption\">\n                      Randonn\u00e9e de 7 KM\n                    <\/div>\n                  <\/div>\n                <\/div>\n              <\/div>\n            <\/div>\n          <\/div>\n          <div class=\"h-column h-column-container d-flex h-col-lg-auto h-col-md-auto h-col-auto style-397-outer style-local-1900-c8-outer\">\n            <div data-colibri-id=\"1900-c8\" class=\"d-flex h-flex-basis h-column__inner h-px-lg-2 h-px-md-2 h-px-2 v-inner-lg-2 v-inner-md-2 v-inner-2 style-397 style-local-1900-c8 position-relative\">\n              <!---->\n              <!---->\n              <div class=\"w-100 h-y-container h-column__content h-column__v-align flex-basis-100 align-self-lg-start align-self-md-start align-self-start\">\n                <!---->\n                <div data-colibri-id=\"1900-c9\" class=\"d-block style-400 style-local-1900-c9 position-relative h-element\">\n                  <!---->\n                  <div class=\"h-image__frame-container-outer\">\n                    <div class=\"h-image__frame-container\">\n                      <!---->\n                      <!---->\n                      <img decoding=\"async\" loading=\"lazy\" width=\"357\" height=\"357\" src=\"http:\/\/festi-bouille-courdault.com\/WordPress3\/wp-content\/uploads\/2026\/03\/cropped-randonnee-2.png\" class=\"wp-image-4891 style-400-image style-local-1900-c9-image\" srcset=\"http:\/\/festi-bouille-courdault.com\/WordPress3\/wp-content\/uploads\/2026\/03\/cropped-randonnee-2.png 357w, http:\/\/festi-bouille-courdault.com\/WordPress3\/wp-content\/uploads\/2026\/03\/cropped-randonnee-2-300x300.png 300w, http:\/\/festi-bouille-courdault.com\/WordPress3\/wp-content\/uploads\/2026\/03\/cropped-randonnee-2-150x150.png 150w\" sizes=\"(max-width: 357px) 100vw, 357px\" alt=\"\" \/>\n                      <div class=\"h-image__frame h-hide-lg h-hide-md h-hide-sm style-400-frameImage style-local-1900-c9-frameImage\"><\/div>\n                    <\/div>\n                    <div class=\"style-400-caption style-local-1900-c9-caption\">\n                      Randonn\u00e9e de 10 KM\n                    <\/div>\n                  <\/div>\n                <\/div>\n              <\/div>\n            <\/div>\n          <\/div>\n        <\/div>\n      <\/div>\n    <\/div>\n  <\/div>\n<\/div>","protected":false},"excerpt":{"rendered":"<p>Randonn\u00e9e color\u00e9e 5 KM Randonn\u00e9e de 7 KM Randonn\u00e9e de 10 KM<\/p>\n","protected":false},"author":1,"featured_media":0,"parent":0,"menu_order":0,"comment_status":"open","ping_status":"closed","template":"page-templates\/full-width-page.php","meta":[],"_links":{"self":[{"href":"http:\/\/festi-bouille-courdault.com\/WordPress3\/wp-json\/wp\/v2\/pages\/1900"}],"collection":[{"href":"http:\/\/festi-bouille-courdault.com\/WordPress3\/wp-json\/wp\/v2\/pages"}],"about":[{"href":"http:\/\/festi-bouille-courdault.com\/WordPress3\/wp-json\/wp\/v2\/types\/page"}],"author":[{"embeddable":true,"href":"http:\/\/festi-bouille-courdault.com\/WordPress3\/wp-json\/wp\/v2\/users\/1"}],"replies":[{"embeddable":true,"href":"http:\/\/festi-bouille-courdault.com\/WordPress3\/wp-json\/wp\/v2\/comments?post=1900"}],"version-history":[{"count":20,"href":"http:\/\/festi-bouille-courdault.com\/WordPress3\/wp-json\/wp\/v2\/pages\/1900\/revisions"}],"predecessor-version":[{"id":4922,"href":"http:\/\/festi-bouille-courdault.com\/WordPress3\/wp-json\/wp\/v2\/pages\/1900\/revisions\/4922"}],"wp:attachment":[{"href":"http:\/\/festi-bouille-courdault.com\/WordPress3\/wp-json\/wp\/v2\/media?parent=1900"}],"curies":[{"name":"wp","href":"https:\/\/api.w.org\/{rel}","templated":true}]}}