{"id":3990,"date":"2024-02-15T22:38:10","date_gmt":"2024-02-15T21:38:10","guid":{"rendered":"http:\/\/festi-bouille-courdault.com\/WordPress3\/?page_id=3990"},"modified":"2026-03-14T15:43:53","modified_gmt":"2026-03-14T14:43:53","slug":"marche-artisanal","status":"publish","type":"page","link":"http:\/\/festi-bouille-courdault.com\/WordPress3\/marche-artisanal\/","title":{"rendered":"March\u00e9 artisanal"},"content":{"rendered":"<div data-colibri-id=\"3990-c1\" class=\"style-216 style-local-3990-c1 position-relative\">\n  <!---->\n  <div data-colibri-component=\"section\" data-colibri-id=\"3990-c2\" id=\"about\" class=\"h-section h-section-global-spacing d-flex align-items-lg-center align-items-md-center align-items-center style-224 style-local-3990-c2 position-relative\">\n    <!---->\n    <!---->\n    <div class=\"h-section-grid-container h-section-boxed-container\">\n      <!---->\n      <div data-colibri-id=\"3990-c3\" class=\"h-row-container gutters-row-lg-2 gutters-row-md-2 gutters-row-2 gutters-row-v-lg-2 gutters-row-v-md-2 gutters-row-v-2 style-225 style-local-3990-c3 position-relative\">\n        <!---->\n        <div class=\"h-row justify-content-lg-center justify-content-md-center justify-content-center align-items-lg-stretch align-items-md-stretch align-items-stretch gutters-col-lg-2 gutters-col-md-2 gutters-col-2 gutters-col-v-lg-2 gutters-col-v-md-2 gutters-col-v-2\">\n          <!---->\n          <div class=\"h-column h-column-container d-flex h-col-lg-auto h-col-md-auto h-col-auto style-226-outer style-local-3990-c4-outer\">\n            <div data-colibri-id=\"3990-c4\" class=\"d-flex h-flex-basis h-column__inner h-px-lg-2 h-px-md-2 h-px-2 v-inner-lg-2 v-inner-md-2 v-inner-2 style-226 style-local-3990-c4 position-relative\">\n              <!---->\n              <!---->\n              <div class=\"w-100 h-y-container h-column__content h-column__v-align flex-basis-100 align-self-lg-center align-self-md-center align-self-center\">\n                <!---->\n                <div data-colibri-id=\"3990-c5\" class=\"h-global-transition-all h-heading style-227 style-local-3990-c5 position-relative h-element\">\n                  <!---->\n                  <div class=\"h-heading__outer style-227 style-local-3990-c5\">\n                    <!---->\n                    <!---->\n                    <h5 class=\"\">3\u00e8me \u00e9dition du March\u00e9 artisanal&nbsp;<\/h5>\n                  <\/div>\n                <\/div>\n                <div data-colibri-id=\"3990-c6\" class=\"h-global-transition-all h-heading style-228 style-local-3990-c6 position-relative h-element\">\n                  <!---->\n                  <div class=\"h-heading__outer style-228 style-local-3990-c6\">\n                    <!---->\n                    <!---->\n                    <h2 class=\"\">March\u00e9 artisanal semi-nocturne le&nbsp;<em style=\"font-family: &quot;Playfair Display&quot;; color: rgb(247, 144, 7);\">samedi 18 juillet 2026 \u00e0 partir de 16h<\/em>&nbsp;&#8211; <em style=\"font-family: &quot;Playfair Display&quot;; color: rgb(247, 144, 7);\">Cr\u00e9ateurs &amp; producteurs locaux<\/em>&nbsp;&#8211;\n                      Entr\u00e9e gratuite<\/h2>\n                  <\/div>\n                <\/div>\n                <div data-colibri-id=\"3990-c7\" class=\"h-text h-text-component style-229 style-local-3990-c7 position-relative h-element\">\n                  <!---->\n                  <!---->\n                  <div class=\"\">\n                    <p>Venez fl\u00e2ner au coeur de notre march\u00e9 artisanal o\u00f9 chaque stand raconte une histoire. Cr\u00e9ateurs passionn\u00e9s, pi\u00e8ces uniques, savoir-faire local et belles d\u00e9couvertes vous attendent.<\/p>\n                  <\/div>\n                <\/div>\n              <\/div>\n            <\/div>\n          <\/div>\n          <div class=\"h-column h-column-container d-flex h-col-lg-auto h-col-md-auto h-col-auto style-232-outer style-local-3990-c8-outer\">\n            <div data-colibri-id=\"3990-c8\" class=\"d-flex h-flex-basis h-column__inner h-px-lg-2 h-px-md-2 h-px-2 v-inner-lg-2 v-inner-md-2 v-inner-2 style-232 style-local-3990-c8 position-relative\">\n              <!---->\n              <!---->\n              <div class=\"w-100 h-y-container h-column__content h-column__v-align flex-basis-100 align-self-lg-center align-self-md-center align-self-center\">\n                <!---->\n                <div data-colibri-id=\"3990-c9\" class=\"d-block style-233 style-local-3990-c9 position-relative h-element\">\n                  <!---->\n                  <div class=\"h-image__frame-container-outer\">\n                    <div class=\"h-image__frame-container\">\n                      <!---->\n                      <!---->\n                      <img decoding=\"async\" loading=\"lazy\" width=\"1537\" height=\"1534\" src=\"http:\/\/festi-bouille-courdault.com\/WordPress3\/wp-content\/uploads\/2026\/01\/cropped-453534508_416819878058943_7269166127482112884_n.jpg\" class=\"wp-image-4541 style-233-image style-local-3990-c9-image\" srcset=\"http:\/\/festi-bouille-courdault.com\/WordPress3\/wp-content\/uploads\/2026\/01\/cropped-453534508_416819878058943_7269166127482112884_n.jpg 1537w, http:\/\/festi-bouille-courdault.com\/WordPress3\/wp-content\/uploads\/2026\/01\/cropped-453534508_416819878058943_7269166127482112884_n-300x300.jpg 300w, http:\/\/festi-bouille-courdault.com\/WordPress3\/wp-content\/uploads\/2026\/01\/cropped-453534508_416819878058943_7269166127482112884_n-1024x1022.jpg 1024w, http:\/\/festi-bouille-courdault.com\/WordPress3\/wp-content\/uploads\/2026\/01\/cropped-453534508_416819878058943_7269166127482112884_n-150x150.jpg 150w, http:\/\/festi-bouille-courdault.com\/WordPress3\/wp-content\/uploads\/2026\/01\/cropped-453534508_416819878058943_7269166127482112884_n-768x767.jpg 768w\" sizes=\"(max-width: 1537px) 100vw, 1537px\" alt=\"\" \/>\n                      <div class=\"h-image__frame h-hide-sm style-233-frameImage style-local-3990-c9-frameImage\"><\/div>\n                    <\/div>\n                  <\/div>\n                <\/div>\n              <\/div>\n            <\/div>\n          <\/div>\n        <\/div>\n      <\/div>\n    <\/div>\n  <\/div>\n  <div data-colibri-component=\"section\" data-colibri-id=\"3990-c10\" id=\"custom\" class=\"h-section h-section-global-spacing d-flex align-items-lg-center align-items-md-center align-items-center style-335 style-local-3990-c10 position-relative\">\n    <!---->\n    <!---->\n    <div class=\"h-section-grid-container h-section-boxed-container\">\n      <!---->\n      <div data-colibri-id=\"3990-c11\" class=\"h-row-container gutters-row-lg-2 gutters-row-md-2 gutters-row-0 gutters-row-v-lg-2 gutters-row-v-md-2 gutters-row-v-2 style-336 style-local-3990-c11 position-relative\">\n        <!---->\n        <div class=\"h-row justify-content-lg-center justify-content-md-center justify-content-center align-items-lg-stretch align-items-md-stretch align-items-stretch gutters-col-lg-2 gutters-col-md-2 gutters-col-0 gutters-col-v-lg-2 gutters-col-v-md-2 gutters-col-v-2\">\n          <!---->\n          <div class=\"h-column h-column-container d-flex h-col-lg-auto h-col-md-auto h-col-auto style-337-outer style-local-3990-c12-outer\">\n            <div data-colibri-id=\"3990-c12\" class=\"d-flex h-flex-basis h-column__inner h-px-lg-2 h-px-md-2 h-px-2 v-inner-lg-2 v-inner-md-2 v-inner-2 style-337 style-local-3990-c12 position-relative\">\n              <!---->\n              <!---->\n              <div class=\"w-100 h-y-container h-column__content h-column__v-align flex-basis-100 align-self-lg-start align-self-md-start align-self-start\">\n                <!---->\n                <div data-colibri-id=\"3990-c13\" class=\"h-text h-text-component style-338 style-local-3990-c13 position-relative h-element\">\n                  <!---->\n                  <!---->\n                  <div class=\"\">\n                    <p>Renseignements pour les inscriptions au march\u00e9 artisanal :<\/p>\n                    <p>Natacha Moquet &#8211; 07.88.36.63.30<\/p>\n                    <p>B\u00e9atrice Laveau &#8211; 06.18.49.58.08<\/p>\n                    <p>E-mail : festicolor85@gmail.com<\/p>\n                  <\/div>\n                <\/div>\n              <\/div>\n            <\/div>\n          <\/div>\n        <\/div>\n      <\/div>\n    <\/div>\n  <\/div>\n<\/div>","protected":false},"excerpt":{"rendered":"<p>3\u00e8me \u00e9dition du March\u00e9 artisanal&nbsp; March\u00e9 artisanal semi-nocturne le&nbsp;samedi 18 juillet 2026 \u00e0 partir de 16h&nbsp;&#8211; Cr\u00e9ateurs &amp; producteurs locaux&nbsp;&#8211; Entr\u00e9e gratuite Venez fl\u00e2ner au coeur de notre march\u00e9 artisanal o\u00f9 chaque stand raconte une histoire. Cr\u00e9ateurs passionn\u00e9s, pi\u00e8ces uniques, savoir-faire local et belles d\u00e9couvertes vous attendent. Renseignements pour les inscriptions au march\u00e9 artisanal : [&hellip;]<\/p>\n","protected":false},"author":1,"featured_media":0,"parent":0,"menu_order":0,"comment_status":"open","ping_status":"open","template":"page-templates\/full-width-page.php","meta":[],"_links":{"self":[{"href":"http:\/\/festi-bouille-courdault.com\/WordPress3\/wp-json\/wp\/v2\/pages\/3990"}],"collection":[{"href":"http:\/\/festi-bouille-courdault.com\/WordPress3\/wp-json\/wp\/v2\/pages"}],"about":[{"href":"http:\/\/festi-bouille-courdault.com\/WordPress3\/wp-json\/wp\/v2\/types\/page"}],"author":[{"embeddable":true,"href":"http:\/\/festi-bouille-courdault.com\/WordPress3\/wp-json\/wp\/v2\/users\/1"}],"replies":[{"embeddable":true,"href":"http:\/\/festi-bouille-courdault.com\/WordPress3\/wp-json\/wp\/v2\/comments?post=3990"}],"version-history":[{"count":20,"href":"http:\/\/festi-bouille-courdault.com\/WordPress3\/wp-json\/wp\/v2\/pages\/3990\/revisions"}],"predecessor-version":[{"id":4769,"href":"http:\/\/festi-bouille-courdault.com\/WordPress3\/wp-json\/wp\/v2\/pages\/3990\/revisions\/4769"}],"wp:attachment":[{"href":"http:\/\/festi-bouille-courdault.com\/WordPress3\/wp-json\/wp\/v2\/media?parent=3990"}],"curies":[{"name":"wp","href":"https:\/\/api.w.org\/{rel}","templated":true}]}}