{"id":4073,"date":"2025-01-09T19:12:25","date_gmt":"2025-01-09T18:12:25","guid":{"rendered":"http:\/\/festi-bouille-courdault.com\/WordPress3\/?page_id=4073"},"modified":"2026-03-14T15:56:55","modified_gmt":"2026-03-14T14:56:55","slug":"presentation","status":"publish","type":"page","link":"http:\/\/festi-bouille-courdault.com\/WordPress3\/presentation\/","title":{"rendered":"Pr\u00e9sentation"},"content":{"rendered":"<div data-colibri-id=\"4073-c1\" class=\"style-253 style-local-4073-c1 position-relative\">\n  <!---->\n  <div data-colibri-component=\"section\" data-colibri-id=\"4073-c2\" id=\"about\" class=\"h-section h-section-global-spacing d-flex align-items-lg-center align-items-md-center align-items-center style-262 style-local-4073-c2 position-relative\">\n    <!---->\n    <!---->\n    <div class=\"h-section-grid-container h-section-boxed-container\">\n      <!---->\n      <div data-colibri-id=\"4073-c3\" class=\"h-row-container gutters-row-lg-0 gutters-row-md-0 gutters-row-0 gutters-row-v-lg-0 gutters-row-v-md-0 gutters-row-v-0 style-263 style-local-4073-c3 position-relative\">\n        <!---->\n        <div class=\"h-row justify-content-lg-center justify-content-md-center justify-content-center align-items-lg-stretch align-items-md-stretch align-items-stretch gutters-col-lg-0 gutters-col-md-0 gutters-col-0 gutters-col-v-lg-0 gutters-col-v-md-0 gutters-col-v-0\">\n          <!---->\n          <div class=\"h-column h-column-container d-flex h-col-lg-auto h-col-md-auto h-col-auto style-265-outer style-local-4073-c4-outer\">\n            <div data-colibri-id=\"4073-c4\" class=\"d-flex h-flex-basis h-column__inner h-px-lg-2 h-px-md-2 h-px-2 v-inner-lg-2 v-inner-md-2 v-inner-2 style-265 style-local-4073-c4 position-relative\">\n              <!---->\n              <!---->\n              <div class=\"w-100 h-y-container h-column__content h-column__v-align flex-basis-100 align-self-lg-start align-self-md-start align-self-start\">\n                <!---->\n                <div data-colibri-id=\"4073-c5\" class=\"h-text h-text-component style-268 style-local-4073-c5 position-relative h-element\">\n                  <!---->\n                  <!---->\n                  <div class=\"\">\n                    <p><strong>L\u2019association <\/strong>est n\u00e9e de la passion et de l\u2019engagement d\u2019une \u00e9quipe de b\u00e9n\u00e9voles pour apporter une animation \u00e0 la commune de <strong>Bouill\u00e9 Courdault.<\/strong><\/p>\n                    <p>Nous organisons chaque ann\u00e9e des \u00e9v\u00e9nements sportifs et culturels :<\/p>\n                    <p>&#8211;\n                      <u>le premier dimanche de juin<\/u> : la \u201c<strong>Courdelaise du Marais<\/strong>\u201d , courses \u00e0 pied de 5, 10 et 21km qui traversent les chemins et routes du marais ombrag\u00e9s avec un d\u00e9part habituellement au terrain de loisir du pr\u00e9 Maill\u00e9\n                      \u00e0 Bouill\u00e9, suivi d\u2019un repas.<\/p>\n                    <p>&#8211;\n                      <u>le 3\u00e8me week-end de juillet<\/u>&nbsp;: un festival sur 2 jours avec plusieurs activit\u00e9s et animations&nbsp;:<\/p>\n                    <p>*<strong> le vendredi&nbsp;<\/strong>: restauration au port de Courdault anim\u00e9e par un <strong>groupe de musique<\/strong> suivi \u00e0 la tomb\u00e9e de la nuit par la <strong>projection d\u2019un film sur un \u00e9cran<\/strong> de 60m2 pos\u00e9 sur l\u2019eau.<\/p>\n                    <p>* <strong>le samedi&nbsp;<\/strong>: ouverture \u00e0 16hr du march\u00e9 artisanal avec plusieurs exposants cr\u00e9ateurs au port de Courdault. Pour les enfants, des balades \u00e0 poney sont organis\u00e9es par la Colline des Frettis et des structures gonflables\n                      sont install\u00e9es. Deux parcours de randonn\u00e9es sont propos\u00e9s pour sillonner les chemins de la commune. Et pour plus de fun, une randonn\u00e9e color\u00e9e de 5km est organis\u00e9e pour les plus audacieux! Un animateur d\u00e9ambule autour du port au\n                      contact des exposants et du public. Le public a la possibilit\u00e9 de se restaurer sur place. Puis \u00e0 partir de 20h30, deux groupes de musique animent la soir\u00e9e.<\/p>\n                    <p>\n                      <br>\n                    <\/p>\n                    <p><strong>Nos valeurs <\/strong>: rassembler habitants et visiteurs autour de moments de partage et de d\u00e9couverte et ainsi cr\u00e9er du lien et des souvenirs inoubliables. Mettre aussi en lumi\u00e8re le patrimoine de notre commune et des communes\n                      avoisinantes et les talents de notre beau territoire.<\/p>\n                    <p>\n                      <br>\n                    <\/p>\n                    <p>Pour orgniser ces animations nous r\u00e9unissons 100 b\u00e9n\u00e9voles de la commune et aussi\n                      <u>3 associations <\/u>qui nous apportent leurs id\u00e9es lors des diff\u00e9rentes commissions. (La Fraternelle, l\u2019APE, Cercle amiti\u00e9s et loisirs).<\/p>\n                    <p><strong>Pour financer ces animations nous avons des aides financi\u00e8res de la <u>commune, la CCVSA, du d\u00e9partement de la Vend\u00e9e et aussi les partenaires priv\u00e9s<\/u>.&nbsp;<\/strong><\/p>\n                  <\/div>\n                <\/div>\n              <\/div>\n            <\/div>\n          <\/div>\n        <\/div>\n      <\/div>\n    <\/div>\n  <\/div>\n  <div data-colibri-component=\"section\" data-colibri-id=\"4073-c6\" id=\"custom\" class=\"h-section h-section-global-spacing d-flex align-items-lg-center align-items-md-center align-items-center style-339 style-local-4073-c6 position-relative\">\n    <!---->\n    <!---->\n    <div class=\"h-section-grid-container h-section-boxed-container\">\n      <!---->\n      <div data-colibri-id=\"4073-c7\" class=\"h-row-container gutters-row-lg-2 gutters-row-md-2 gutters-row-0 gutters-row-v-lg-2 gutters-row-v-md-2 gutters-row-v-2 style-340 style-local-4073-c7 position-relative\">\n        <!---->\n        <div class=\"h-row justify-content-lg-center justify-content-md-center justify-content-center align-items-lg-stretch align-items-md-stretch align-items-stretch gutters-col-lg-2 gutters-col-md-2 gutters-col-0 gutters-col-v-lg-2 gutters-col-v-md-2 gutters-col-v-2\">\n          <!---->\n          <div class=\"h-column h-column-container d-flex h-col-lg-auto h-col-md-auto h-col-auto style-341-outer style-local-4073-c8-outer\">\n            <div data-colibri-id=\"4073-c8\" class=\"d-flex h-flex-basis h-column__inner h-px-lg-2 h-px-md-2 h-px-2 v-inner-lg-2 v-inner-md-2 v-inner-2 style-341 style-local-4073-c8 position-relative\">\n              <!---->\n              <!---->\n              <div class=\"w-100 h-y-container h-column__content h-column__v-align flex-basis-100 align-self-lg-start align-self-md-start align-self-start\">\n                <!---->\n                <div data-colibri-id=\"4073-c9\" class=\"d-block style-342 style-local-4073-c9 position-relative h-element\">\n                  <!---->\n                  <div class=\"h-image__frame-container-outer\">\n                    <div class=\"h-image__frame-container\">\n                      <!---->\n                      <!---->\n                      <img decoding=\"async\" loading=\"lazy\" width=\"1158\" height=\"548\" src=\"http:\/\/festi-bouille-courdault.com\/WordPress3\/wp-content\/uploads\/2026\/03\/situation-geographique.png\" class=\"wp-image-4775 style-342-image style-local-4073-c9-image\" srcset=\"http:\/\/festi-bouille-courdault.com\/WordPress3\/wp-content\/uploads\/2026\/03\/situation-geographique.png 1158w, http:\/\/festi-bouille-courdault.com\/WordPress3\/wp-content\/uploads\/2026\/03\/situation-geographique-300x142.png 300w, http:\/\/festi-bouille-courdault.com\/WordPress3\/wp-content\/uploads\/2026\/03\/situation-geographique-1024x485.png 1024w, http:\/\/festi-bouille-courdault.com\/WordPress3\/wp-content\/uploads\/2026\/03\/situation-geographique-768x363.png 768w\" sizes=\"(max-width: 1158px) 100vw, 1158px\" alt=\"\" \/>\n                      <div class=\"h-image__frame h-hide-lg h-hide-md h-hide-sm style-342-frameImage style-local-4073-c9-frameImage\"><\/div>\n                    <\/div>\n                  <\/div>\n                <\/div>\n              <\/div>\n            <\/div>\n          <\/div>\n        <\/div>\n      <\/div>\n    <\/div>\n  <\/div>\n  <div data-colibri-component=\"section\" data-colibri-id=\"4073-c14\" id=\"custom-2\" class=\"h-section h-section-global-spacing d-flex align-items-lg-center align-items-md-center align-items-center style-347 style-local-4073-c14 position-relative\">\n    <!---->\n    <!---->\n    <div class=\"h-section-grid-container h-section-boxed-container\">\n      <!---->\n      <div data-colibri-id=\"4073-c15\" class=\"h-row-container gutters-row-lg-2 gutters-row-md-2 gutters-row-0 gutters-row-v-lg-2 gutters-row-v-md-2 gutters-row-v-2 style-348 style-local-4073-c15 position-relative\">\n        <!---->\n        <div class=\"h-row justify-content-lg-center justify-content-md-center justify-content-center align-items-lg-stretch align-items-md-stretch align-items-stretch gutters-col-lg-2 gutters-col-md-2 gutters-col-0 gutters-col-v-lg-2 gutters-col-v-md-2 gutters-col-v-2\">\n          <!---->\n          <div class=\"h-column h-column-container d-flex h-col-lg-auto h-col-md-auto h-col-auto style-349-outer style-local-4073-c16-outer\">\n            <div data-colibri-id=\"4073-c16\" class=\"d-flex h-flex-basis h-column__inner h-px-lg-2 h-px-md-2 h-px-2 v-inner-lg-2 v-inner-md-2 v-inner-2 style-349 style-local-4073-c16 position-relative\">\n              <!---->\n              <!---->\n              <div class=\"w-100 h-y-container h-column__content h-column__v-align flex-basis-100 align-self-lg-start align-self-md-start align-self-start\">\n                <!---->\n                <div data-colibri-id=\"4073-c17\" class=\"h-text h-text-component style-350 style-local-4073-c17 position-relative h-element\">\n                  <!---->\n                  <!---->\n                  <div class=\"\">\n                    <p>Festi Bouill\u00e9 Courdault<\/p>\n                    <p>Rue du Prieur\u00e9<\/p>\n                    <p>85420 Bouill\u00e9 Courdault<\/p>\n                    <p>T\u00e9l : Claude Poupin 06.33.57.22.39<\/p>\n                  <\/div>\n                <\/div>\n              <\/div>\n            <\/div>\n          <\/div>\n        <\/div>\n      <\/div>\n    <\/div>\n  <\/div>\n<\/div>","protected":false},"excerpt":{"rendered":"<p>L\u2019association est n\u00e9e de la passion et de l\u2019engagement d\u2019une \u00e9quipe de b\u00e9n\u00e9voles pour apporter une animation \u00e0 la commune de Bouill\u00e9 Courdault. Nous organisons chaque ann\u00e9e des \u00e9v\u00e9nements sportifs et culturels : &#8211; le premier dimanche de juin : la \u201cCourdelaise du Marais\u201d , courses \u00e0 pied de 5, 10 et 21km qui traversent [&hellip;]<\/p>\n","protected":false},"author":1,"featured_media":0,"parent":0,"menu_order":0,"comment_status":"open","ping_status":"closed","template":"page-templates\/full-width-page.php","meta":[],"_links":{"self":[{"href":"http:\/\/festi-bouille-courdault.com\/WordPress3\/wp-json\/wp\/v2\/pages\/4073"}],"collection":[{"href":"http:\/\/festi-bouille-courdault.com\/WordPress3\/wp-json\/wp\/v2\/pages"}],"about":[{"href":"http:\/\/festi-bouille-courdault.com\/WordPress3\/wp-json\/wp\/v2\/types\/page"}],"author":[{"embeddable":true,"href":"http:\/\/festi-bouille-courdault.com\/WordPress3\/wp-json\/wp\/v2\/users\/1"}],"replies":[{"embeddable":true,"href":"http:\/\/festi-bouille-courdault.com\/WordPress3\/wp-json\/wp\/v2\/comments?post=4073"}],"version-history":[{"count":18,"href":"http:\/\/festi-bouille-courdault.com\/WordPress3\/wp-json\/wp\/v2\/pages\/4073\/revisions"}],"predecessor-version":[{"id":4778,"href":"http:\/\/festi-bouille-courdault.com\/WordPress3\/wp-json\/wp\/v2\/pages\/4073\/revisions\/4778"}],"wp:attachment":[{"href":"http:\/\/festi-bouille-courdault.com\/WordPress3\/wp-json\/wp\/v2\/media?parent=4073"}],"curies":[{"name":"wp","href":"https:\/\/api.w.org\/{rel}","templated":true}]}}