{"id":4324,"date":"2025-06-09T18:38:19","date_gmt":"2025-06-09T16:38:19","guid":{"rendered":"http:\/\/festi-bouille-courdault.com\/WordPress3\/?page_id=4324"},"modified":"2026-03-14T15:27:38","modified_gmt":"2026-03-14T14:27:38","slug":"photos-courdelaise-2025","status":"publish","type":"page","link":"http:\/\/festi-bouille-courdault.com\/WordPress3\/photos-courdelaise-2025\/","title":{"rendered":"Photos Courdelaise 2025"},"content":{"rendered":"<p>&nbsp;<\/p>\n<p>Quelques photos de la Courdelaise 2025<\/p>\n<p>Belle r\u00e9ussites pour cettes ann\u00e9e 2025 avec 280 coureurs<\/p>\n<p>merci aux participants et aux b\u00e9n\u00e9voles<\/p>\n<p>&nbsp;<\/p>\n<p><a href=\"http:\/\/festi-bouille-courdault.com\/WordPress3\/wp-content\/uploads\/2025\/06\/DSC_8191.jpg\"><img decoding=\"async\" loading=\"lazy\" class=\"alignnone size-large wp-image-4330\" alt=\"DSC_8191\" src=\"http:\/\/festi-bouille-courdault.com\/WordPress3\/wp-content\/uploads\/2025\/06\/DSC_8191-1024x685.jpg\" width=\"625\" height=\"418\" srcset=\"http:\/\/festi-bouille-courdault.com\/WordPress3\/wp-content\/uploads\/2025\/06\/DSC_8191-1024x685.jpg 1024w, http:\/\/festi-bouille-courdault.com\/WordPress3\/wp-content\/uploads\/2025\/06\/DSC_8191-300x200.jpg 300w, http:\/\/festi-bouille-courdault.com\/WordPress3\/wp-content\/uploads\/2025\/06\/DSC_8191-624x417.jpg 624w\" sizes=\"(max-width: 625px) 100vw, 625px\" \/><\/a><a href=\"http:\/\/festi-bouille-courdault.com\/WordPress3\/wp-content\/uploads\/2025\/06\/DSC_8203.jpg\"><img decoding=\"async\" loading=\"lazy\" class=\"alignnone size-large wp-image-4331\" alt=\"DSC_8203\" src=\"http:\/\/festi-bouille-courdault.com\/WordPress3\/wp-content\/uploads\/2025\/06\/DSC_8203-1024x685.jpg\" width=\"625\" height=\"418\" srcset=\"http:\/\/festi-bouille-courdault.com\/WordPress3\/wp-content\/uploads\/2025\/06\/DSC_8203-1024x685.jpg 1024w, http:\/\/festi-bouille-courdault.com\/WordPress3\/wp-content\/uploads\/2025\/06\/DSC_8203-300x200.jpg 300w, http:\/\/festi-bouille-courdault.com\/WordPress3\/wp-content\/uploads\/2025\/06\/DSC_8203-624x417.jpg 624w\" sizes=\"(max-width: 625px) 100vw, 625px\" \/><\/a><a href=\"http:\/\/festi-bouille-courdault.com\/WordPress3\/wp-content\/uploads\/2025\/06\/JSKF9278.jpg\"><img decoding=\"async\" loading=\"lazy\" class=\"alignnone size-full wp-image-4335\" alt=\"JSKF9278\" src=\"http:\/\/festi-bouille-courdault.com\/WordPress3\/wp-content\/uploads\/2025\/06\/JSKF9278.jpg\" width=\"720\" height=\"778\" srcset=\"http:\/\/festi-bouille-courdault.com\/WordPress3\/wp-content\/uploads\/2025\/06\/JSKF9278.jpg 720w, http:\/\/festi-bouille-courdault.com\/WordPress3\/wp-content\/uploads\/2025\/06\/JSKF9278-277x300.jpg 277w, http:\/\/festi-bouille-courdault.com\/WordPress3\/wp-content\/uploads\/2025\/06\/JSKF9278-624x674.jpg 624w\" sizes=\"(max-width: 720px) 100vw, 720px\" \/><\/a><a href=\"http:\/\/festi-bouille-courdault.com\/WordPress3\/wp-content\/uploads\/2025\/06\/IMG_8638.jpg\"><img decoding=\"async\" loading=\"lazy\" class=\"alignnone size-large wp-image-4333\" alt=\"IMG_8638\" src=\"http:\/\/festi-bouille-courdault.com\/WordPress3\/wp-content\/uploads\/2025\/06\/IMG_8638-1024x556.jpg\" width=\"625\" height=\"339\" srcset=\"http:\/\/festi-bouille-courdault.com\/WordPress3\/wp-content\/uploads\/2025\/06\/IMG_8638-1024x556.jpg 1024w, http:\/\/festi-bouille-courdault.com\/WordPress3\/wp-content\/uploads\/2025\/06\/IMG_8638-300x163.jpg 300w, http:\/\/festi-bouille-courdault.com\/WordPress3\/wp-content\/uploads\/2025\/06\/IMG_8638-624x339.jpg 624w\" sizes=\"(max-width: 625px) 100vw, 625px\" \/><\/a><a href=\"http:\/\/festi-bouille-courdault.com\/WordPress3\/wp-content\/uploads\/2025\/06\/CSLU5858.jpg\"><img decoding=\"async\" loading=\"lazy\" class=\"alignnone size-large wp-image-4329\" alt=\"CSLU5858\" src=\"http:\/\/festi-bouille-courdault.com\/WordPress3\/wp-content\/uploads\/2025\/06\/CSLU5858-1024x748.jpg\" width=\"625\" height=\"456\" srcset=\"http:\/\/festi-bouille-courdault.com\/WordPress3\/wp-content\/uploads\/2025\/06\/CSLU5858-1024x748.jpg 1024w, http:\/\/festi-bouille-courdault.com\/WordPress3\/wp-content\/uploads\/2025\/06\/CSLU5858-300x219.jpg 300w, http:\/\/festi-bouille-courdault.com\/WordPress3\/wp-content\/uploads\/2025\/06\/CSLU5858-624x456.jpg 624w, http:\/\/festi-bouille-courdault.com\/WordPress3\/wp-content\/uploads\/2025\/06\/CSLU5858.jpg 1200w\" sizes=\"(max-width: 625px) 100vw, 625px\" \/><\/a><a href=\"http:\/\/festi-bouille-courdault.com\/WordPress3\/wp-content\/uploads\/2025\/06\/TAJF2328.jpg\"><img decoding=\"async\" loading=\"lazy\" class=\"alignnone size-large wp-image-4337\" alt=\"TAJF2328\" src=\"http:\/\/festi-bouille-courdault.com\/WordPress3\/wp-content\/uploads\/2025\/06\/TAJF2328-768x1024.jpg\" width=\"625\" height=\"833\" srcset=\"http:\/\/festi-bouille-courdault.com\/WordPress3\/wp-content\/uploads\/2025\/06\/TAJF2328-768x1024.jpg 768w, http:\/\/festi-bouille-courdault.com\/WordPress3\/wp-content\/uploads\/2025\/06\/TAJF2328-225x300.jpg 225w, http:\/\/festi-bouille-courdault.com\/WordPress3\/wp-content\/uploads\/2025\/06\/TAJF2328-624x832.jpg 624w, http:\/\/festi-bouille-courdault.com\/WordPress3\/wp-content\/uploads\/2025\/06\/TAJF2328.jpg 1200w\" sizes=\"(max-width: 625px) 100vw, 625px\" \/><\/a><a href=\"http:\/\/festi-bouille-courdault.com\/WordPress3\/wp-content\/uploads\/2025\/06\/LIIV1612.jpg\"><img decoding=\"async\" loading=\"lazy\" class=\"alignnone size-full wp-image-4336\" alt=\"LIIV1612\" src=\"http:\/\/festi-bouille-courdault.com\/WordPress3\/wp-content\/uploads\/2025\/06\/LIIV1612.jpg\" width=\"720\" height=\"588\" srcset=\"http:\/\/festi-bouille-courdault.com\/WordPress3\/wp-content\/uploads\/2025\/06\/LIIV1612.jpg 720w, http:\/\/festi-bouille-courdault.com\/WordPress3\/wp-content\/uploads\/2025\/06\/LIIV1612-300x245.jpg 300w, http:\/\/festi-bouille-courdault.com\/WordPress3\/wp-content\/uploads\/2025\/06\/LIIV1612-624x509.jpg 624w\" sizes=\"(max-width: 720px) 100vw, 720px\" \/><\/a><a href=\"http:\/\/festi-bouille-courdault.com\/WordPress3\/wp-content\/uploads\/2025\/06\/JJNW4909.jpg\"><img decoding=\"async\" loading=\"lazy\" class=\"alignnone size-full wp-image-4334\" alt=\"JJNW4909\" src=\"http:\/\/festi-bouille-courdault.com\/WordPress3\/wp-content\/uploads\/2025\/06\/JJNW4909.jpg\" width=\"298\" height=\"398\" srcset=\"http:\/\/festi-bouille-courdault.com\/WordPress3\/wp-content\/uploads\/2025\/06\/JJNW4909.jpg 298w, http:\/\/festi-bouille-courdault.com\/WordPress3\/wp-content\/uploads\/2025\/06\/JJNW4909-224x300.jpg 224w\" sizes=\"(max-width: 298px) 100vw, 298px\" \/><\/a><a href=\"http:\/\/festi-bouille-courdault.com\/WordPress3\/wp-content\/uploads\/2025\/06\/DSC_8310.jpg\"><img decoding=\"async\" loading=\"lazy\" class=\"alignnone size-large wp-image-4332\" alt=\"DSC_8310\" src=\"http:\/\/festi-bouille-courdault.com\/WordPress3\/wp-content\/uploads\/2025\/06\/DSC_8310-1024x685.jpg\" width=\"625\" height=\"418\" srcset=\"http:\/\/festi-bouille-courdault.com\/WordPress3\/wp-content\/uploads\/2025\/06\/DSC_8310-1024x685.jpg 1024w, http:\/\/festi-bouille-courdault.com\/WordPress3\/wp-content\/uploads\/2025\/06\/DSC_8310-300x200.jpg 300w, http:\/\/festi-bouille-courdault.com\/WordPress3\/wp-content\/uploads\/2025\/06\/DSC_8310-624x417.jpg 624w\" sizes=\"(max-width: 625px) 100vw, 625px\" \/><\/a><\/p>\n","protected":false},"excerpt":{"rendered":"<p>&nbsp; Quelques photos de la Courdelaise 2025 Belle r\u00e9ussites pour cettes ann\u00e9e 2025 avec 280 coureurs merci aux participants et aux b\u00e9n\u00e9voles &nbsp;<\/p>\n","protected":false},"author":1,"featured_media":0,"parent":0,"menu_order":0,"comment_status":"open","ping_status":"open","template":"","meta":[],"_links":{"self":[{"href":"http:\/\/festi-bouille-courdault.com\/WordPress3\/wp-json\/wp\/v2\/pages\/4324"}],"collection":[{"href":"http:\/\/festi-bouille-courdault.com\/WordPress3\/wp-json\/wp\/v2\/pages"}],"about":[{"href":"http:\/\/festi-bouille-courdault.com\/WordPress3\/wp-json\/wp\/v2\/types\/page"}],"author":[{"embeddable":true,"href":"http:\/\/festi-bouille-courdault.com\/WordPress3\/wp-json\/wp\/v2\/users\/1"}],"replies":[{"embeddable":true,"href":"http:\/\/festi-bouille-courdault.com\/WordPress3\/wp-json\/wp\/v2\/comments?post=4324"}],"version-history":[{"count":3,"href":"http:\/\/festi-bouille-courdault.com\/WordPress3\/wp-json\/wp\/v2\/pages\/4324\/revisions"}],"predecessor-version":[{"id":4752,"href":"http:\/\/festi-bouille-courdault.com\/WordPress3\/wp-json\/wp\/v2\/pages\/4324\/revisions\/4752"}],"wp:attachment":[{"href":"http:\/\/festi-bouille-courdault.com\/WordPress3\/wp-json\/wp\/v2\/media?parent=4324"}],"curies":[{"name":"wp","href":"https:\/\/api.w.org\/{rel}","templated":true}]}}