{"id":538,"date":"2014-02-16T17:22:14","date_gmt":"2014-02-16T16:22:14","guid":{"rendered":"http:\/\/festi-bouille-courdault.com\/WordPress3\/?page_id=538"},"modified":"2026-03-14T18:25:02","modified_gmt":"2026-03-14T17:25:02","slug":"cinema-seance-gratuite","status":"publish","type":"page","link":"http:\/\/festi-bouille-courdault.com\/WordPress3\/cinema-seance-gratuite\/","title":{"rendered":"Cin\u00e9ma S\u00e9ance Gratuite."},"content":{"rendered":"<div data-colibri-id=\"538-c1\" class=\"style-351 style-local-538-c1 position-relative\">\n  <!---->\n  <div data-colibri-component=\"section\" data-colibri-id=\"538-c10\" id=\"custom\" class=\"h-section h-section-global-spacing d-flex align-items-lg-center align-items-md-center align-items-center style-367 style-local-538-c10 position-relative\">\n    <!---->\n    <!---->\n    <div class=\"h-section-grid-container h-section-boxed-container\">\n      <!---->\n      <div data-colibri-id=\"538-c11\" class=\"h-row-container gutters-row-lg-2 gutters-row-md-2 gutters-row-0 gutters-row-v-lg-2 gutters-row-v-md-2 gutters-row-v-2 style-371 style-local-538-c11 position-relative\">\n        <!---->\n        <div class=\"h-row justify-content-lg-center justify-content-md-center justify-content-center align-items-lg-stretch align-items-md-stretch align-items-stretch gutters-col-lg-2 gutters-col-md-2 gutters-col-0 gutters-col-v-lg-2 gutters-col-v-md-2 gutters-col-v-2\">\n          <!---->\n          <div class=\"h-column h-column-container d-flex h-col-lg-auto h-col-md-auto h-col-auto style-372-outer style-local-538-c12-outer\">\n            <div data-colibri-id=\"538-c12\" class=\"d-flex h-flex-basis h-column__inner h-px-lg-2 h-px-md-2 h-px-2 v-inner-lg-2 v-inner-md-2 v-inner-2 style-372 style-local-538-c12 position-relative\">\n              <!---->\n              <!---->\n              <div class=\"w-100 h-y-container h-column__content h-column__v-align flex-basis-100 align-self-lg-start align-self-md-start align-self-start\">\n                <!---->\n                <div data-colibri-id=\"538-c13\" class=\"d-block style-373 style-local-538-c13 position-relative h-element\">\n                  <!---->\n                  <div class=\"h-image__frame-container-outer\">\n                    <div class=\"h-image__frame-container\">\n                      <!---->\n                      <!---->\n                      <img decoding=\"async\" loading=\"lazy\" width=\"1000\" height=\"1500\" src=\"http:\/\/festi-bouille-courdault.com\/WordPress3\/wp-content\/uploads\/2026\/03\/un-p-tit-truc-en-plus-2024-affiche-2.jpg\" class=\"wp-image-4816 style-373-image style-local-538-c13-image\" srcset=\"http:\/\/festi-bouille-courdault.com\/WordPress3\/wp-content\/uploads\/2026\/03\/un-p-tit-truc-en-plus-2024-affiche-2.jpg 1000w, http:\/\/festi-bouille-courdault.com\/WordPress3\/wp-content\/uploads\/2026\/03\/un-p-tit-truc-en-plus-2024-affiche-2-200x300.jpg 200w, http:\/\/festi-bouille-courdault.com\/WordPress3\/wp-content\/uploads\/2026\/03\/un-p-tit-truc-en-plus-2024-affiche-2-683x1024.jpg 683w, http:\/\/festi-bouille-courdault.com\/WordPress3\/wp-content\/uploads\/2026\/03\/un-p-tit-truc-en-plus-2024-affiche-2-768x1152.jpg 768w\" sizes=\"(max-width: 1000px) 100vw, 1000px\" alt=\"\" \/>\n                      <div class=\"h-image__frame h-hide-lg h-hide-md h-hide-sm style-373-frameImage style-local-538-c13-frameImage\"><\/div>\n                    <\/div>\n                  <\/div>\n                <\/div>\n              <\/div>\n            <\/div>\n          <\/div>\n          <div class=\"h-column h-column-container d-flex h-col-lg-auto h-col-md-auto h-col-auto style-374-outer style-local-538-c14-outer\">\n            <div data-colibri-id=\"538-c14\" class=\"d-flex h-flex-basis h-column__inner h-px-lg-2 h-px-md-2 h-px-2 v-inner-lg-2 v-inner-md-2 v-inner-2 style-374 style-local-538-c14 position-relative\">\n              <!---->\n              <!---->\n              <div class=\"w-100 h-y-container h-column__content h-column__v-align flex-basis-100 align-self-lg-start align-self-md-start align-self-start\">\n                <!---->\n                <div data-colibri-id=\"538-c15\" class=\"h-text h-text-component style-375 style-local-538-c15 position-relative h-element\">\n                  <!---->\n                  <!---->\n                  <div class=\"\">\n                    <h2>Rendez-vous&nbsp;<em style=\"font-family: &quot;Playfair Display&quot;;\"><br>vendredi 17 juillet 2026<\/em>&nbsp;pour la projection du film sur le port de Courdault &#8211;&nbsp;&nbsp;<em style=\"font-family: &quot;Playfair Display&quot;;\">Entr\u00e9e gratuite<\/em>\n                      <br><strong style=\"font-size: 16px; font-family: &quot;Open Sans&quot;; color: rgb(102, 102, 102);\">\u00ab\u00a0Un petit truc en plus\u00a0\u00bb<\/strong><span style=\"font-size: 16px; font-family: &quot;Open Sans&quot;; color: rgb(102, 102, 102); font-weight: 400;\">&nbsp;raconte l\u2019histoire de Paulo et de son p\u00e8re, La Fraise, en cavale apr\u00e8s un braquage. Pour \u00e9chapper \u00e0 la police, ils se r\u00e9fugient dans une colonie de vacances pour personnes en situation de handicap mental, se faisant passer pour un pensionnaire (Sylvain) et son \u00e9ducateur. Paulo doit g\u00e9rer sa double identit\u00e9 tout en cr\u00e9ant des liens avec les autres r\u00e9sidents, notamment Arnaud et Ludo, qui per\u00e7oivent rapidement son secret. Entre qu\u00eates d\u2019\u00e9vasion et rencontres inattendues, le film m\u00eale humour et \u00e9motion, abordant l\u2019acceptation, la diff\u00e9rence et la r\u00e9silience. Ce succ\u00e8s public (plus de 10 millions d\u2019entr\u00e9es en France) est salu\u00e9 pour sa sensibilit\u00e9 et sa repr\u00e9sentation touchante du handicap.<\/span><\/h2>\n                    <p>\n                      <br>\n                    <\/p>\n                  <\/div>\n                <\/div>\n              <\/div>\n            <\/div>\n          <\/div>\n        <\/div>\n      <\/div>\n    <\/div>\n  <\/div>\n<\/div>","protected":false},"excerpt":{"rendered":"<p>Rendez-vous&nbsp;vendredi 17 juillet 2026&nbsp;pour la projection du film sur le port de Courdault &#8211;&nbsp;&nbsp;Entr\u00e9e gratuite \u00ab\u00a0Un petit truc en plus\u00a0\u00bb&nbsp;raconte l\u2019histoire de Paulo et de son p\u00e8re, La Fraise, en cavale apr\u00e8s un braquage. Pour \u00e9chapper \u00e0 la police, ils se r\u00e9fugient dans une colonie de vacances pour personnes en situation de handicap mental, se [&hellip;]<\/p>\n","protected":false},"author":1,"featured_media":0,"parent":0,"menu_order":0,"comment_status":"open","ping_status":"open","template":"page-templates\/full-width-page.php","meta":[],"_links":{"self":[{"href":"http:\/\/festi-bouille-courdault.com\/WordPress3\/wp-json\/wp\/v2\/pages\/538"}],"collection":[{"href":"http:\/\/festi-bouille-courdault.com\/WordPress3\/wp-json\/wp\/v2\/pages"}],"about":[{"href":"http:\/\/festi-bouille-courdault.com\/WordPress3\/wp-json\/wp\/v2\/types\/page"}],"author":[{"embeddable":true,"href":"http:\/\/festi-bouille-courdault.com\/WordPress3\/wp-json\/wp\/v2\/users\/1"}],"replies":[{"embeddable":true,"href":"http:\/\/festi-bouille-courdault.com\/WordPress3\/wp-json\/wp\/v2\/comments?post=538"}],"version-history":[{"count":20,"href":"http:\/\/festi-bouille-courdault.com\/WordPress3\/wp-json\/wp\/v2\/pages\/538\/revisions"}],"predecessor-version":[{"id":4834,"href":"http:\/\/festi-bouille-courdault.com\/WordPress3\/wp-json\/wp\/v2\/pages\/538\/revisions\/4834"}],"wp:attachment":[{"href":"http:\/\/festi-bouille-courdault.com\/WordPress3\/wp-json\/wp\/v2\/media?parent=538"}],"curies":[{"name":"wp","href":"https:\/\/api.w.org\/{rel}","templated":true}]}}